{"id":1571,"date":"2025-06-24T10:25:04","date_gmt":"2025-06-24T10:25:04","guid":{"rendered":"https:\/\/germinale.art\/2024\/?page_id=1571"},"modified":"2025-06-30T09:29:18","modified_gmt":"2025-06-30T09:29:18","slug":"selvaartprize","status":"publish","type":"page","link":"https:\/\/germinale.clientsfolio.site\/2024\/selvaartprize\/","title":{"rendered":"SELVA Art Prize | germinale monferrato"},"content":{"rendered":"\t\t<div data-elementor-type=\"wp-page\" data-elementor-id=\"1571\" class=\"elementor elementor-1571\">\n\t\t\t\t<div class=\"elementor-element elementor-element-23fa71e1 e-flex e-con-boxed e-con e-parent\" data-id=\"23fa71e1\" data-element_type=\"container\" data-settings=\"{&quot;background_background&quot;:&quot;classic&quot;}\">\n\t\t\t\t\t<div class=\"e-con-inner\">\n\t\t<div class=\"elementor-element elementor-element-7170b36e e-con-full e-flex e-con e-child\" data-id=\"7170b36e\" data-element_type=\"container\">\n\t\t<div class=\"elementor-element elementor-element-690727f2 e-con-full e-flex e-con e-child\" data-id=\"690727f2\" data-element_type=\"container\" data-settings=\"{&quot;background_background&quot;:&quot;classic&quot;}\">\n\t\t\t\t<div class=\"elementor-element elementor-element-55db49c elementor-widget elementor-widget-image\" data-id=\"55db49c\" data-element_type=\"widget\" data-widget_type=\"image.default\">\n\t\t\t\t<div class=\"elementor-widget-container\">\n\t\t\t\t\t\t\t\t\t\t\t\t\t\t\t<img decoding=\"async\" width=\"189\" height=\"59\" src=\"https:\/\/i0.wp.com\/germinale.clientsfolio.site\/2024\/wp-content\/uploads\/2025\/06\/5-removebg-preview.png?fit=189%2C59&amp;ssl=1\" class=\"attachment-large size-large wp-image-1496\" alt=\"\" \/>\t\t\t\t\t\t\t\t\t\t\t\t\t\t\t<\/div>\n\t\t\t\t<\/div>\n\t\t\t\t<\/div>\n\t\t<div class=\"elementor-element elementor-element-1c3812ea e-con-full e-flex e-con e-child\" data-id=\"1c3812ea\" data-element_type=\"container\">\n\t\t\t\t<div class=\"elementor-element elementor-element-319d3c7 elementor-widget elementor-widget-text-editor\" data-id=\"319d3c7\" data-element_type=\"widget\" data-widget_type=\"text-editor.default\">\n\t\t\t\t<div class=\"elementor-widget-container\">\n\t\t\t\t\t\t\t\t\t<p class=\"font_8 wixui-rich-text__text\"><span class=\"wixui-rich-text__text\">SELVA artprize<\/span>\u00a0 \u00e8 un progetto speciale di questa seconda edizione di\u00a0<span class=\"wixui-rich-text__text\">Germinale<\/span>, un\u2019opportunit\u00e0 rivolta ad\u00a0<span class=\"wixui-rich-text__text\">artisti e creativi under 40*<\/span>.<\/p><p class=\"font_8 wixui-rich-text__text\">La partecipazione \u00e8 gratuita e i finalisti, oltre a concorrere per i vari premi in palio, avranno l\u2019opportunit\u00e0 di esporre all\u2019interno della rassegna, a fianco di artisti affermati.<\/p><p class=\"font_8 wixui-rich-text__text\">I finalisti, oltre a concorrere per i vari premi in palio, avranno l\u2019opportunit\u00e0 di esporre all\u2019interno della rassegna, a fianco di artisti affermati.<\/p><p class=\"font_8 wixui-rich-text__text\"><span class=\"wixui-rich-text__text\">SELVA artprize<\/span>\u00a0\u00e8 un premio che celebra l\u2019arte come forza primitiva, come seme che germoglia spontaneamente nel caos fertile della creativit\u00e0.<\/p><p class=\"font_8 wixui-rich-text__text\">Selva \u00e8 bellezza non addomesticata, silenzio che genera, in cui l\u2019uomo si riconcilia con la natura e sperimenta l\u2019urgenza dell\u2019essere.\u00a0<\/p><p class=\"font_8 wixui-rich-text__text\">Tra tutte le candidature pervenute la giuria selezioner\u00e0 secondo giudizio insindacabile gli artisti che presenteranno le proposte ritenute migliori per originalit\u00e0 e qualit\u00e0 artistica.<\/p><p class=\"font_8 wixui-rich-text__text\">Le opere selezionate saranno parte ufficiale dell\u2019esposizione diffusa di\u00a0<span class=\"wixui-rich-text__text\">Germinale &#8211; Monferrato Art Fest<\/span>, e verranno esposte in una mostra collettiva presso la Villa La Mercantile a Castagnole Monferrato (AT), epicentro della rassegna.\u00a0<\/p><p class=\"font_8 wixui-rich-text__text\">\u00a0<\/p><p class=\"font_8 wixui-rich-text__text\"><span class=\"wixui-rich-text__text\">Il primo premio \u00e8 un Premio di Acquisizione per cui l\u2019opera vincitrice verr\u00e0 acquisita dall\u2019organizzazione per un corrispettivo pari a 2.500 euro<\/span>\u00a0lordi di tutti gli oneri (eventuale i.v.a. inclusa).\u00a0<\/p><p class=\"font_8 wixui-rich-text__text\"><span class=\"wixui-rich-text__text\">SELVA artprize<\/span>\u00a0prevede anche\u00a0<span class=\"wixui-rich-text__text\">altri premi<\/span>: opportunit\u00e0 espositive all\u2019interno del programma di Germinale 2026; opportunit\u00e0 di residenze d\u2019arte all\u2019interno di Germinale 2026; opportunit\u00e0 di esporre durante l\u2019art-week torinese a novembre 2025 presso i locali di Dispensa, in galleria Subalpina a Torino.<\/p><p class=\"font_8 wixui-rich-text__text\">\u00a0<\/p><p class=\"font_8 wixui-rich-text__text\"><span class=\"wixui-rich-text__text\">Deadline: 5 Luglio 2025<\/span><\/p><p class=\"font_8 wixui-rich-text__text\">\u00a0<\/p><p class=\"font_8 wixui-rich-text__text\">Tale iniziativa \u00e8 sostenuta da\u00a0<span class=\"wixui-rich-text__text\"><a class=\"wixui-rich-text__text\" href=\"http:\/\/www.compagniadeicaraibi.com\/\" target=\"_blank\" rel=\"noreferrer noopener\">Compagnia dei Caraibi<\/a><\/span>\u00a0e\u00a0<span class=\"wixui-rich-text__text\"><a class=\"wixui-rich-text__text\" href=\"http:\/\/www.dispensa.com\/\" target=\"_blank\" rel=\"noreferrer noopener\">Dispensa<\/a><\/span>, partner appassionati e profondamente coinvolti di questa nuova edizione di Germinale. Entrambe le realt\u00e0, infatti, sono da sempre sensibili e vicine a tematiche come la valorizzazione del territorio e del paesaggio, e la promozione dell\u2019arte contemporanea in tutte le sue forme. \u00c8 un impegno autentico, che nasce dal desiderio di nutrire un dialogo continuo tra arte, comunit\u00e0 e territorio, e di offrire il proprio impegno nel promuovere giovani talenti e nuove sinergie creative e strumenti per comprendere, vivere e condividere la cultura come esperienza collettiva. Nei nuovi spazi di Dispensa, questo spirito trover\u00e0 nuova espressione con uno spin-off autunnale in occasione dell\u2019Art Week torinese, riprendendo il percorso iniziato con Contaminazioni, progetto che si \u00e8 svolto nel 2024 e dedicato ai giovani artisti.<\/p><p class=\"font_8 wixui-rich-text__text\">Attraverso il riconoscimento di\u00a0<span class=\"wixui-rich-text__text\">SELVA artprize<\/span>\u00a0Compagnia dei Caraibi sancisce il proprio impegno nel promuovere talenti emergenti e nuove sinergie creative.<\/p><p class=\"font_8 wixui-rich-text__text\">\u00a0<\/p><p class=\"font_8 wixui-rich-text__text\">Info su progetto e partecipazione:\u00a0<a class=\"wixui-rich-text__text\" href=\"mailto:germinalebando@gmail.com\" data-auto-recognition=\"true\">germinalebando@gmail.com<\/a><\/p><p class=\"font_8 wixui-rich-text__text\"><span class=\"wixGuard wixui-rich-text__text\">\u200b<\/span><\/p><p class=\"font_8 wixui-rich-text__text\"><span class=\"wixui-rich-text__text\">Per maggiori dettagli scarica il bando e il form di partecipazione!<\/span><\/p>\t\t\t\t\t\t\t\t<\/div>\n\t\t\t\t<\/div>\n\t\t\t\t<\/div>\n\t\t<div class=\"elementor-element elementor-element-72d60e7 e-con-full e-flex e-con e-child\" data-id=\"72d60e7\" data-element_type=\"container\">\n\t\t<div class=\"elementor-element elementor-element-72b7b03 e-con-full text-decortion-none elementor-hidden-desktop elementor-hidden-tablet e-flex e-con e-child\" data-id=\"72b7b03\" data-element_type=\"container\">\n\t\t<div class=\"elementor-element elementor-element-7ac1e7c e-con-full e-flex e-con e-child\" data-id=\"7ac1e7c\" data-element_type=\"container\">\n\t\t\t\t<div class=\"elementor-element elementor-element-a8464b4 elementor-widget elementor-widget-heading\" data-id=\"a8464b4\" data-element_type=\"widget\" data-widget_type=\"heading.default\">\n\t\t\t\t<div class=\"elementor-widget-container\">\n\t\t\t\t\t<h2 class=\"elementor-heading-title elementor-size-default\"><a href=\"https:\/\/www.germinale.art\/_files\/ugd\/f44a14_0d3648cdcf5f475093eff7aa270a0cbe.pdf\" target=\"_blank\">BANDO<\/a><\/h2>\t\t\t\t<\/div>\n\t\t\t\t<\/div>\n\t\t\t\t<div class=\"elementor-element elementor-element-b21b46c elementor-widget elementor-widget-text-editor\" data-id=\"b21b46c\" data-element_type=\"widget\" data-widget_type=\"text-editor.default\">\n\t\t\t\t<div class=\"elementor-widget-container\">\n\t\t\t\t\t\t\t\t\t<p><span style=\"color: #e33c32;\"><a style=\"color: #e33c32;\" href=\"https:\/\/www.germinale.art\/_files\/ugd\/f44a14_0d3648cdcf5f475093eff7aa270a0cbe.pdf\" target=\"_blank\" rel=\"noopener\" data-wplink-edit=\"true\"><span class=\"color_36 wixui-rich-text__text\"><span class=\"wixui-rich-text__text\">Download<\/span><\/span><\/a><\/span><\/p>\t\t\t\t\t\t\t\t<\/div>\n\t\t\t\t<\/div>\n\t\t\t\t<\/div>\n\t\t<div class=\"elementor-element elementor-element-87a3533 e-con-full e-flex e-con e-child\" data-id=\"87a3533\" data-element_type=\"container\">\n\t\t\t\t<div class=\"elementor-element elementor-element-2b5c743 elementor-widget elementor-widget-heading\" data-id=\"2b5c743\" data-element_type=\"widget\" data-widget_type=\"heading.default\">\n\t\t\t\t<div class=\"elementor-widget-container\">\n\t\t\t\t\t<h2 class=\"elementor-heading-title elementor-size-default\"><a href=\"https:\/\/www.germinale.art\/_files\/ugd\/f44a14_fa6c18544beb4a2f84208d0bd9b50a2b.pdf\" target=\"_blank\">FORM<\/a><\/h2>\t\t\t\t<\/div>\n\t\t\t\t<\/div>\n\t\t\t\t<div class=\"elementor-element elementor-element-7cd00ba elementor-widget elementor-widget-text-editor\" data-id=\"7cd00ba\" data-element_type=\"widget\" data-widget_type=\"text-editor.default\">\n\t\t\t\t<div class=\"elementor-widget-container\">\n\t\t\t\t\t\t\t\t\t<p><span style=\"color: #e33c32;\"><a style=\"color: #e33c32;\" href=\"https:\/\/www.germinale.art\/_files\/ugd\/f44a14_fa6c18544beb4a2f84208d0bd9b50a2b.pdf\" target=\"_blank\" rel=\"noopener\"><span class=\"color_36 wixui-rich-text__text\"><span class=\"wixui-rich-text__text\">Download<\/span><\/span><\/a><\/span><\/p>\t\t\t\t\t\t\t\t<\/div>\n\t\t\t\t<\/div>\n\t\t\t\t<\/div>\n\t\t\t\t<\/div>\n\t\t\t\t<\/div>\n\t\t<div class=\"elementor-element elementor-element-2a4a7fd7 e-con-full e-flex e-con e-child\" data-id=\"2a4a7fd7\" data-element_type=\"container\">\n\t\t<div class=\"elementor-element elementor-element-35eae829 e-con-full elementor-hidden-mobile e-flex e-con e-child\" data-id=\"35eae829\" data-element_type=\"container\">\n\t\t<div class=\"elementor-element elementor-element-135e6297 e-con-full text-decortion-none e-flex e-con e-child\" data-id=\"135e6297\" data-element_type=\"container\">\n\t\t\t\t<div class=\"elementor-element elementor-element-695dd060 elementor-widget elementor-widget-heading\" data-id=\"695dd060\" data-element_type=\"widget\" data-widget_type=\"heading.default\">\n\t\t\t\t<div class=\"elementor-widget-container\">\n\t\t\t\t\t<h2 class=\"elementor-heading-title elementor-size-default\"><a href=\"https:\/\/www.germinale.art\/_files\/ugd\/f44a14_0d3648cdcf5f475093eff7aa270a0cbe.pdf\" target=\"_blank\">BANDO<\/a><\/h2>\t\t\t\t<\/div>\n\t\t\t\t<\/div>\n\t\t\t\t<div class=\"elementor-element elementor-element-114e9713 elementor-widget elementor-widget-text-editor\" data-id=\"114e9713\" data-element_type=\"widget\" data-widget_type=\"text-editor.default\">\n\t\t\t\t<div class=\"elementor-widget-container\">\n\t\t\t\t\t\t\t\t\t<p><span style=\"color: #e33c32;\"><a style=\"color: #e33c32;\" href=\"https:\/\/www.germinale.art\/_files\/ugd\/f44a14_0d3648cdcf5f475093eff7aa270a0cbe.pdf\" target=\"_blank\" rel=\"noopener\" data-wplink-edit=\"true\"><span class=\"color_36 wixui-rich-text__text\"><span class=\"wixui-rich-text__text\">Download<\/span><\/span><\/a><\/span><\/p>\t\t\t\t\t\t\t\t<\/div>\n\t\t\t\t<\/div>\n\t\t\t\t<\/div>\n\t\t<div class=\"elementor-element elementor-element-43bd8aca e-con-full e-flex e-con e-child\" data-id=\"43bd8aca\" data-element_type=\"container\">\n\t\t\t\t<div class=\"elementor-element elementor-element-61dcada4 elementor-widget elementor-widget-heading\" data-id=\"61dcada4\" data-element_type=\"widget\" data-widget_type=\"heading.default\">\n\t\t\t\t<div class=\"elementor-widget-container\">\n\t\t\t\t\t<h2 class=\"elementor-heading-title elementor-size-default\"><a href=\"https:\/\/www.germinale.art\/_files\/ugd\/f44a14_fa6c18544beb4a2f84208d0bd9b50a2b.pdf\" target=\"_blank\">FORM<\/a><\/h2>\t\t\t\t<\/div>\n\t\t\t\t<\/div>\n\t\t\t\t<div class=\"elementor-element elementor-element-2df4a0ce elementor-widget elementor-widget-text-editor\" data-id=\"2df4a0ce\" data-element_type=\"widget\" data-widget_type=\"text-editor.default\">\n\t\t\t\t<div class=\"elementor-widget-container\">\n\t\t\t\t\t\t\t\t\t<p><span style=\"color: #e33c32;\"><a style=\"color: #e33c32;\" href=\"https:\/\/www.germinale.art\/_files\/ugd\/f44a14_fa6c18544beb4a2f84208d0bd9b50a2b.pdf\" target=\"_blank\" rel=\"noopener\" data-wplink-edit=\"true\"><span class=\"color_36 wixui-rich-text__text\"><span class=\"wixui-rich-text__text\">Download<\/span><\/span><\/a><\/span><\/p>\t\t\t\t\t\t\t\t<\/div>\n\t\t\t\t<\/div>\n\t\t\t\t<\/div>\n\t\t\t\t<\/div>\n\t\t\t\t<\/div>\n\t\t\t\t<\/div>\n\t\t\t\t\t<\/div>\n\t\t\t\t<\/div>\n\t\t\t\t<\/div>\n\t\t","protected":false},"excerpt":{"rendered":"<p>SELVA artprize\u00a0 \u00e8 un progetto speciale di questa seconda edizione di\u00a0Germinale, un\u2019opportunit\u00e0 rivolta ad\u00a0artisti e creativi under 40*. La partecipazione [&hellip;]<\/p>\n","protected":false},"author":1,"featured_media":0,"parent":0,"menu_order":0,"comment_status":"closed","ping_status":"closed","template":"","meta":{"site-sidebar-layout":"no-sidebar","site-content-layout":"","ast-site-content-layout":"full-width-container","site-content-style":"default","site-sidebar-style":"default","ast-global-header-display":"","ast-banner-title-visibility":"","ast-main-header-display":"","ast-hfb-above-header-display":"","ast-hfb-below-header-display":"","ast-hfb-mobile-header-display":"","site-post-title":"disabled","ast-breadcrumbs-content":"","ast-featured-img":"disabled","footer-sml-layout":"","theme-transparent-header-meta":"","adv-header-id-meta":"","stick-header-meta":"","header-above-stick-meta":"","header-main-stick-meta":"","header-below-stick-meta":"","astra-migrate-meta-layouts":"default","ast-page-background-enabled":"default","ast-page-background-meta":{"desktop":{"background-color":"var(--ast-global-color-5)","background-image":"","background-repeat":"repeat","background-position":"center center","background-size":"auto","background-attachment":"scroll","background-type":"","background-media":"","overlay-type":"","overlay-color":"","overlay-opacity":"","overlay-gradient":""},"tablet":{"background-color":"","background-image":"","background-repeat":"repeat","background-position":"center center","background-size":"auto","background-attachment":"scroll","background-type":"","background-media":"","overlay-type":"","overlay-color":"","overlay-opacity":"","overlay-gradient":""},"mobile":{"background-color":"","background-image":"","background-repeat":"repeat","background-position":"center center","background-size":"auto","background-attachment":"scroll","background-type":"","background-media":"","overlay-type":"","overlay-color":"","overlay-opacity":"","overlay-gradient":""}},"ast-content-background-meta":{"desktop":{"background-color":"var(--ast-global-color-4)","background-image":"","background-repeat":"repeat","background-position":"center center","background-size":"auto","background-attachment":"scroll","background-type":"","background-media":"","overlay-type":"","overlay-color":"","overlay-opacity":"","overlay-gradient":""},"tablet":{"background-color":"var(--ast-global-color-4)","background-image":"","background-repeat":"repeat","background-position":"center center","background-size":"auto","background-attachment":"scroll","background-type":"","background-media":"","overlay-type":"","overlay-color":"","overlay-opacity":"","overlay-gradient":""},"mobile":{"background-color":"var(--ast-global-color-4)","background-image":"","background-repeat":"repeat","background-position":"center center","background-size":"auto","background-attachment":"scroll","background-type":"","background-media":"","overlay-type":"","overlay-color":"","overlay-opacity":"","overlay-gradient":""}},"footnotes":""},"class_list":["post-1571","page","type-page","status-publish","hentry"],"jetpack_sharing_enabled":true,"_links":{"self":[{"href":"https:\/\/germinale.clientsfolio.site\/2024\/wp-json\/wp\/v2\/pages\/1571","targetHints":{"allow":["GET"]}}],"collection":[{"href":"https:\/\/germinale.clientsfolio.site\/2024\/wp-json\/wp\/v2\/pages"}],"about":[{"href":"https:\/\/germinale.clientsfolio.site\/2024\/wp-json\/wp\/v2\/types\/page"}],"author":[{"embeddable":true,"href":"https:\/\/germinale.clientsfolio.site\/2024\/wp-json\/wp\/v2\/users\/1"}],"replies":[{"embeddable":true,"href":"https:\/\/germinale.clientsfolio.site\/2024\/wp-json\/wp\/v2\/comments?post=1571"}],"version-history":[{"count":0,"href":"https:\/\/germinale.clientsfolio.site\/2024\/wp-json\/wp\/v2\/pages\/1571\/revisions"}],"wp:attachment":[{"href":"https:\/\/germinale.clientsfolio.site\/2024\/wp-json\/wp\/v2\/media?parent=1571"}],"curies":[{"name":"wp","href":"https:\/\/api.w.org\/{rel}","templated":true}]}}