{"id":3574,"date":"2025-07-10T11:23:58","date_gmt":"2025-07-10T11:23:58","guid":{"rendered":"https:\/\/germinale.art\/?page_id=3574"},"modified":"2025-09-12T14:07:13","modified_gmt":"2025-09-12T14:07:13","slug":"visagi","status":"publish","type":"page","link":"https:\/\/germinale.clientsfolio.site\/2025\/visagi\/","title":{"rendered":"VISAGI"},"content":{"rendered":"\t\t<div data-elementor-type=\"wp-page\" data-elementor-id=\"3574\" class=\"elementor elementor-3574\">\n\t\t\t\t<div class=\"elementor-element elementor-element-658f1d70 e-flex e-con-boxed e-con e-parent\" data-id=\"658f1d70\" data-element_type=\"container\" data-settings=\"{&quot;background_background&quot;:&quot;classic&quot;}\">\n\t\t\t\t\t<div class=\"e-con-inner\">\n\t\t<div class=\"elementor-element elementor-element-2c90b97f e-con-full e-flex e-con e-child\" data-id=\"2c90b97f\" data-element_type=\"container\">\n\t\t<div class=\"elementor-element elementor-element-472393b4 e-con-full e-flex e-con e-child\" data-id=\"472393b4\" data-element_type=\"container\" data-settings=\"{&quot;background_background&quot;:&quot;classic&quot;}\">\n\t\t\t\t<\/div>\n\t\t<div class=\"elementor-element elementor-element-32e980a7 e-con-full e-flex e-con e-child\" data-id=\"32e980a7\" data-element_type=\"container\">\n\t\t\t\t<div class=\"elementor-element elementor-element-16254a0a elementor-widget elementor-widget-text-editor\" data-id=\"16254a0a\" data-element_type=\"widget\" data-widget_type=\"text-editor.default\">\n\t\t\t\t<div class=\"elementor-widget-container\">\n\t\t\t\t\t\t\t\t\t<p><strong>VISAGI &#8211; RITRATTI DI UN PAESE CHE VIVE<\/strong><\/p><p>\u00a0<\/p><p><strong>Sede espositiva: Murisengo, Piov\u00e0 Massaia, Villadeati (Tra le vie del Borgo)<\/strong><\/p><p>\u00a0<\/p><p>Visagi nel 2025 entra a far parte del progetto pi\u00f9 ampio di Germinale Monferrato Art Fest allestendo le grandi foto dei ritratti tra le vie dei borghi di Piov\u00e0 Massaia, Murisengo e Villadeati.<\/p><p>\u00a0<\/p><p>Il progetto fotografico itinerante \u00e8 un work in progress che nasce da un confronto con la popolazione residente e non.<\/p><p>\u00a0<\/p><p>In un set fotografico allestito en plein air nascono i ritratti, da cui vengono realizzate grandi stampe fotografiche esposte nelle strade e le piazzette dei vari paesi.<\/p><p>\u00a0<\/p><p><em>Visagi<\/em> (dal Piccolo Vocabolario Piemontese-Italiano: Visagi, sost.m. viso, faccia, aspetto) \u00e8 un progetto che indaga la relazione tra il mondo della tradizione e la societ\u00e0 attuale. Uno spaccato fotografico per raccontare la storia di una comunit\u00e0 che cerca la sua identit\u00e0 tra un passato agricolo e nuove visioni incontrando vecchi e nuovi cittadini sul filo, sempre delicato, dell\u2019integrazione.<\/p><p>\u00a0<\/p><p>Una messa a fuoco delle storie della comunit\u00e0 locale, il suo presente e il suo possibile futuro.<\/p><p>\u00a0<\/p><p>Il Monferrato sta cambiando, e Visagi vuole documentare la convivenza di coloro che qui hanno forti radici famigliari con i nuovi abitanti, persone che comprano la seconda casa in paese e che magari scelgono di viverci contribuendo a un graduale ricambio sociale.<\/p><p>\u00a0<\/p><p>Visagi \u00e8 un progetto di Carlo Gloria e Giovanni Bressano con le fotografie di Claudio Cravero, realizzato con sostegno bando piccoli comuni\/Ministero del turismo nell\u2019ambito del progetto LOCOMONFERRATO.<\/p>\t\t\t\t\t\t\t\t<\/div>\n\t\t\t\t<\/div>\n\t\t\t\t<\/div>\n\t\t<div class=\"elementor-element elementor-element-3adce09e e-con-full elementor-hidden-desktop elementor-hidden-tablet elementor-hidden-mobile e-flex e-con e-child\" data-id=\"3adce09e\" data-element_type=\"container\">\n\t\t<div class=\"elementor-element elementor-element-6bee631 e-con-full elementor-hidden-desktop elementor-hidden-tablet e-flex e-con e-child\" data-id=\"6bee631\" data-element_type=\"container\">\n\t\t<div class=\"elementor-element elementor-element-185e9060 e-con-full e-flex e-con e-child\" data-id=\"185e9060\" data-element_type=\"container\">\n\t\t\t\t<div class=\"elementor-element elementor-element-6f5d1bd elementor-widget elementor-widget-heading\" data-id=\"6f5d1bd\" data-element_type=\"widget\" data-widget_type=\"heading.default\">\n\t\t\t\t<div class=\"elementor-widget-container\">\n\t\t\t\t\t<h2 class=\"elementor-heading-title elementor-size-default\"><a href=\"https:\/\/www.germinale.art\/_files\/ugd\/f44a14_1631af03f8fb467dbf39cc2317a0cc75.pdf\" target=\"_blank\">BANDO<\/a><\/h2>\t\t\t\t<\/div>\n\t\t\t\t<\/div>\n\t\t\t\t<div class=\"elementor-element elementor-element-240a56bc elementor-widget elementor-widget-text-editor\" data-id=\"240a56bc\" data-element_type=\"widget\" data-widget_type=\"text-editor.default\">\n\t\t\t\t<div class=\"elementor-widget-container\">\n\t\t\t\t\t\t\t\t\t<p><span style=\"color: #e33c32;\"><a style=\"color: #e33c32;\" href=\"https:\/\/www.germinale.art\/_files\/ugd\/f44a14_1631af03f8fb467dbf39cc2317a0cc75.pdf\" target=\"_blank\" rel=\"noopener\" data-wplink-edit=\"true\"><span class=\"color_36 wixui-rich-text__text\"><span class=\"wixui-rich-text__text\">Download<\/span><\/span><\/a><\/span><\/p>\t\t\t\t\t\t\t\t<\/div>\n\t\t\t\t<\/div>\n\t\t\t\t<\/div>\n\t\t<div class=\"elementor-element elementor-element-15ae2da4 e-con-full e-flex e-con e-child\" data-id=\"15ae2da4\" data-element_type=\"container\">\n\t\t\t\t<div class=\"elementor-element elementor-element-6cc0b52 elementor-widget elementor-widget-heading\" data-id=\"6cc0b52\" data-element_type=\"widget\" data-widget_type=\"heading.default\">\n\t\t\t\t<div class=\"elementor-widget-container\">\n\t\t\t\t\t<h2 class=\"elementor-heading-title elementor-size-default\"><a href=\"https:\/\/www.germinale.art\/_files\/ugd\/f44a14_4f34df61de1a446897215b01bdef64c0.pdf\" target=\"_blank\">FORM<\/a><\/h2>\t\t\t\t<\/div>\n\t\t\t\t<\/div>\n\t\t\t\t<div class=\"elementor-element elementor-element-6a1562b0 elementor-widget elementor-widget-text-editor\" data-id=\"6a1562b0\" data-element_type=\"widget\" data-widget_type=\"text-editor.default\">\n\t\t\t\t<div class=\"elementor-widget-container\">\n\t\t\t\t\t\t\t\t\t<p><span style=\"color: #e33c32;\"><a style=\"color: #e33c32;\" href=\"https:\/\/www.germinale.art\/_files\/ugd\/f44a14_4f34df61de1a446897215b01bdef64c0.pdf\" target=\"_blank\" rel=\"noopener\"><span class=\"color_36 wixui-rich-text__text\"><span class=\"wixui-rich-text__text\">Download<\/span><\/span><\/a><\/span><\/p>\t\t\t\t\t\t\t\t<\/div>\n\t\t\t\t<\/div>\n\t\t\t\t<\/div>\n\t\t\t\t<\/div>\n\t\t\t\t<\/div>\n\t\t<div class=\"elementor-element elementor-element-753157e0 e-con-full elementor-hidden-desktop elementor-hidden-tablet elementor-hidden-mobile e-flex e-con e-child\" data-id=\"753157e0\" data-element_type=\"container\">\n\t\t<div class=\"elementor-element elementor-element-45186cfa e-con-full elementor-hidden-mobile e-flex e-con e-child\" data-id=\"45186cfa\" data-element_type=\"container\">\n\t\t<div class=\"elementor-element elementor-element-7df5ad2d e-con-full e-flex e-con e-child\" data-id=\"7df5ad2d\" data-element_type=\"container\">\n\t\t\t\t<div class=\"elementor-element elementor-element-7212e9bf elementor-widget elementor-widget-heading\" data-id=\"7212e9bf\" data-element_type=\"widget\" data-widget_type=\"heading.default\">\n\t\t\t\t<div class=\"elementor-widget-container\">\n\t\t\t\t\t<h2 class=\"elementor-heading-title elementor-size-default\"><a href=\"https:\/\/www.germinale.art\/_files\/ugd\/f44a14_1631af03f8fb467dbf39cc2317a0cc75.pdf\" target=\"_blank\">BANDO<\/a><\/h2>\t\t\t\t<\/div>\n\t\t\t\t<\/div>\n\t\t\t\t<div class=\"elementor-element elementor-element-3bd1105d elementor-widget elementor-widget-text-editor\" data-id=\"3bd1105d\" data-element_type=\"widget\" data-widget_type=\"text-editor.default\">\n\t\t\t\t<div class=\"elementor-widget-container\">\n\t\t\t\t\t\t\t\t\t<p><span style=\"color: #e33c32;\"><a style=\"color: #e33c32;\" href=\"https:\/\/www.germinale.art\/_files\/ugd\/f44a14_1631af03f8fb467dbf39cc2317a0cc75.pdf\" target=\"_blank\" rel=\"noopener\" data-wplink-edit=\"true\"><span class=\"color_36 wixui-rich-text__text\"><span class=\"wixui-rich-text__text\">Download<\/span><\/span><\/a><\/span><\/p>\t\t\t\t\t\t\t\t<\/div>\n\t\t\t\t<\/div>\n\t\t\t\t<\/div>\n\t\t<div class=\"elementor-element elementor-element-4baf8c81 e-con-full e-flex e-con e-child\" data-id=\"4baf8c81\" data-element_type=\"container\">\n\t\t\t\t<div class=\"elementor-element elementor-element-19b027a5 elementor-widget elementor-widget-heading\" data-id=\"19b027a5\" data-element_type=\"widget\" data-widget_type=\"heading.default\">\n\t\t\t\t<div class=\"elementor-widget-container\">\n\t\t\t\t\t<h2 class=\"elementor-heading-title elementor-size-default\"><a href=\"https:\/\/www.germinale.art\/_files\/ugd\/f44a14_4f34df61de1a446897215b01bdef64c0.pdf\" target=\"_blank\">FORM<\/a><\/h2>\t\t\t\t<\/div>\n\t\t\t\t<\/div>\n\t\t\t\t<div class=\"elementor-element elementor-element-6df460e5 elementor-widget elementor-widget-text-editor\" data-id=\"6df460e5\" data-element_type=\"widget\" data-widget_type=\"text-editor.default\">\n\t\t\t\t<div class=\"elementor-widget-container\">\n\t\t\t\t\t\t\t\t\t<p><span style=\"color: #e33c32;\"><a style=\"color: #e33c32;\" href=\"https:\/\/www.germinale.art\/_files\/ugd\/f44a14_4f34df61de1a446897215b01bdef64c0.pdf\" target=\"_blank\" rel=\"noopener\" data-wplink-edit=\"true\"><span class=\"color_36 wixui-rich-text__text\"><span class=\"wixui-rich-text__text\">Download<\/span><\/span><\/a><\/span><\/p>\t\t\t\t\t\t\t\t<\/div>\n\t\t\t\t<\/div>\n\t\t\t\t<\/div>\n\t\t\t\t<\/div>\n\t\t\t\t<\/div>\n\t\t\t\t<\/div>\n\t\t\t\t\t<\/div>\n\t\t\t\t<\/div>\n\t\t\t\t<\/div>\n\t\t","protected":false},"excerpt":{"rendered":"<p>VISAGI &#8211; RITRATTI DI UN PAESE CHE VIVE \u00a0 Sede espositiva: Murisengo, Piov\u00e0 Massaia, Villadeati (Tra le vie del Borgo) [&hellip;]<\/p>\n","protected":false},"author":1,"featured_media":0,"parent":0,"menu_order":0,"comment_status":"closed","ping_status":"closed","template":"","meta":{"site-sidebar-layout":"no-sidebar","site-content-layout":"","ast-site-content-layout":"full-width-container","site-content-style":"default","site-sidebar-style":"default","ast-global-header-display":"","ast-banner-title-visibility":"","ast-main-header-display":"","ast-hfb-above-header-display":"","ast-hfb-below-header-display":"","ast-hfb-mobile-header-display":"","site-post-title":"disabled","ast-breadcrumbs-content":"","ast-featured-img":"disabled","footer-sml-layout":"","theme-transparent-header-meta":"","adv-header-id-meta":"","stick-header-meta":"","header-above-stick-meta":"","header-main-stick-meta":"","header-below-stick-meta":"","astra-migrate-meta-layouts":"default","ast-page-background-enabled":"default","ast-page-background-meta":{"desktop":{"background-color":"var(--ast-global-color-5)","background-image":"","background-repeat":"repeat","background-position":"center center","background-size":"auto","background-attachment":"scroll","background-type":"","background-media":"","overlay-type":"","overlay-color":"","overlay-opacity":"","overlay-gradient":""},"tablet":{"background-color":"","background-image":"","background-repeat":"repeat","background-position":"center center","background-size":"auto","background-attachment":"scroll","background-type":"","background-media":"","overlay-type":"","overlay-color":"","overlay-opacity":"","overlay-gradient":""},"mobile":{"background-color":"","background-image":"","background-repeat":"repeat","background-position":"center center","background-size":"auto","background-attachment":"scroll","background-type":"","background-media":"","overlay-type":"","overlay-color":"","overlay-opacity":"","overlay-gradient":""}},"ast-content-background-meta":{"desktop":{"background-color":"var(--ast-global-color-4)","background-image":"","background-repeat":"repeat","background-position":"center center","background-size":"auto","background-attachment":"scroll","background-type":"","background-media":"","overlay-type":"","overlay-color":"","overlay-opacity":"","overlay-gradient":""},"tablet":{"background-color":"var(--ast-global-color-4)","background-image":"","background-repeat":"repeat","background-position":"center center","background-size":"auto","background-attachment":"scroll","background-type":"","background-media":"","overlay-type":"","overlay-color":"","overlay-opacity":"","overlay-gradient":""},"mobile":{"background-color":"var(--ast-global-color-4)","background-image":"","background-repeat":"repeat","background-position":"center center","background-size":"auto","background-attachment":"scroll","background-type":"","background-media":"","overlay-type":"","overlay-color":"","overlay-opacity":"","overlay-gradient":""}},"_themeisle_gutenberg_block_has_review":false,"footnotes":""},"class_list":["post-3574","page","type-page","status-publish","hentry"],"yoast_head":"<!-- This site is optimized with the Yoast SEO plugin v25.5 - https:\/\/yoast.com\/wordpress\/plugins\/seo\/ -->\n<title>VISAGI - Germinale Monferrato Art Fest \u2013 Festival Diffuso di Arte Contemporanea<\/title>\n<meta name=\"robots\" content=\"index, follow, max-snippet:-1, max-image-preview:large, max-video-preview:-1\" \/>\n<link rel=\"canonical\" href=\"https:\/\/germinale.clientsfolio.site\/2025\/visagi\/\" \/>\n<meta property=\"og:locale\" content=\"it_IT\" \/>\n<meta property=\"og:type\" content=\"article\" \/>\n<meta property=\"og:title\" content=\"VISAGI - Germinale Monferrato Art Fest \u2013 Festival Diffuso di Arte Contemporanea\" \/>\n<meta property=\"og:description\" content=\"VISAGI &#8211; RITRATTI DI UN PAESE CHE VIVE \u00a0 Sede espositiva: Murisengo, Piov\u00e0 Massaia, Villadeati (Tra le vie del Borgo) [&hellip;]\" \/>\n<meta property=\"og:url\" content=\"https:\/\/germinale.clientsfolio.site\/2025\/visagi\/\" \/>\n<meta property=\"og:site_name\" content=\"Germinale Monferrato Art Fest \u2013 Festival Diffuso di Arte Contemporanea\" \/>\n<meta property=\"article:modified_time\" content=\"2025-09-12T14:07:13+00:00\" \/>\n<meta name=\"twitter:card\" content=\"summary_large_image\" \/>\n<meta name=\"twitter:label1\" content=\"Tempo di lettura stimato\" \/>\n\t<meta name=\"twitter:data1\" content=\"2 minuti\" \/>\n<script type=\"application\/ld+json\" class=\"yoast-schema-graph\">{\"@context\":\"https:\/\/schema.org\",\"@graph\":[{\"@type\":\"WebPage\",\"@id\":\"https:\/\/germinale.clientsfolio.site\/2025\/visagi\/\",\"url\":\"https:\/\/germinale.clientsfolio.site\/2025\/visagi\/\",\"name\":\"VISAGI - Germinale Monferrato Art Fest \u2013 Festival Diffuso di Arte Contemporanea\",\"isPartOf\":{\"@id\":\"https:\/\/germinale.clientsfolio.site\/2025\/#website\"},\"datePublished\":\"2025-07-10T11:23:58+00:00\",\"dateModified\":\"2025-09-12T14:07:13+00:00\",\"breadcrumb\":{\"@id\":\"https:\/\/germinale.clientsfolio.site\/2025\/visagi\/#breadcrumb\"},\"inLanguage\":\"it-IT\",\"potentialAction\":[{\"@type\":\"ReadAction\",\"target\":[\"https:\/\/germinale.clientsfolio.site\/2025\/visagi\/\"]}]},{\"@type\":\"BreadcrumbList\",\"@id\":\"https:\/\/germinale.clientsfolio.site\/2025\/visagi\/#breadcrumb\",\"itemListElement\":[{\"@type\":\"ListItem\",\"position\":1,\"name\":\"Home\",\"item\":\"https:\/\/germinale.clientsfolio.site\/2025\/\"},{\"@type\":\"ListItem\",\"position\":2,\"name\":\"VISAGI\"}]},{\"@type\":\"WebSite\",\"@id\":\"https:\/\/germinale.clientsfolio.site\/2025\/#website\",\"url\":\"https:\/\/germinale.clientsfolio.site\/2025\/\",\"name\":\"Germinale Monferrato Art Fest \u2013 Festival Diffuso di Arte Contemporanea\",\"description\":\"\",\"publisher\":{\"@id\":\"https:\/\/germinale.clientsfolio.site\/2025\/#organization\"},\"potentialAction\":[{\"@type\":\"SearchAction\",\"target\":{\"@type\":\"EntryPoint\",\"urlTemplate\":\"https:\/\/germinale.clientsfolio.site\/2025\/?s={search_term_string}\"},\"query-input\":{\"@type\":\"PropertyValueSpecification\",\"valueRequired\":true,\"valueName\":\"search_term_string\"}}],\"inLanguage\":\"it-IT\"},{\"@type\":\"Organization\",\"@id\":\"https:\/\/germinale.clientsfolio.site\/2025\/#organization\",\"name\":\"Germinale Monferrato Art Fest \u2013 Festival Diffuso di Arte Contemporanea\",\"url\":\"https:\/\/germinale.clientsfolio.site\/2025\/\",\"logo\":{\"@type\":\"ImageObject\",\"inLanguage\":\"it-IT\",\"@id\":\"https:\/\/germinale.clientsfolio.site\/2025\/#\/schema\/logo\/image\/\",\"url\":\"https:\/\/i0.wp.com\/germinale.clientsfolio.site\/2025\/wp-content\/uploads\/2025\/06\/logo.webp?fit=432%2C176&ssl=1\",\"contentUrl\":\"https:\/\/i0.wp.com\/germinale.clientsfolio.site\/2025\/wp-content\/uploads\/2025\/06\/logo.webp?fit=432%2C176&ssl=1\",\"width\":432,\"height\":176,\"caption\":\"Germinale Monferrato Art Fest \u2013 Festival Diffuso di Arte Contemporanea\"},\"image\":{\"@id\":\"https:\/\/germinale.clientsfolio.site\/2025\/#\/schema\/logo\/image\/\"}}]}<\/script>\n<!-- \/ Yoast SEO plugin. -->","yoast_head_json":{"title":"VISAGI - Germinale Monferrato Art Fest \u2013 Festival Diffuso di Arte Contemporanea","robots":{"index":"index","follow":"follow","max-snippet":"max-snippet:-1","max-image-preview":"max-image-preview:large","max-video-preview":"max-video-preview:-1"},"canonical":"https:\/\/germinale.clientsfolio.site\/2025\/visagi\/","og_locale":"it_IT","og_type":"article","og_title":"VISAGI - Germinale Monferrato Art Fest \u2013 Festival Diffuso di Arte Contemporanea","og_description":"VISAGI &#8211; RITRATTI DI UN PAESE CHE VIVE \u00a0 Sede espositiva: Murisengo, Piov\u00e0 Massaia, Villadeati (Tra le vie del Borgo) [&hellip;]","og_url":"https:\/\/germinale.clientsfolio.site\/2025\/visagi\/","og_site_name":"Germinale Monferrato Art Fest \u2013 Festival Diffuso di Arte Contemporanea","article_modified_time":"2025-09-12T14:07:13+00:00","twitter_card":"summary_large_image","twitter_misc":{"Tempo di lettura stimato":"2 minuti"},"schema":{"@context":"https:\/\/schema.org","@graph":[{"@type":"WebPage","@id":"https:\/\/germinale.clientsfolio.site\/2025\/visagi\/","url":"https:\/\/germinale.clientsfolio.site\/2025\/visagi\/","name":"VISAGI - Germinale Monferrato Art Fest \u2013 Festival Diffuso di Arte Contemporanea","isPartOf":{"@id":"https:\/\/germinale.clientsfolio.site\/2025\/#website"},"datePublished":"2025-07-10T11:23:58+00:00","dateModified":"2025-09-12T14:07:13+00:00","breadcrumb":{"@id":"https:\/\/germinale.clientsfolio.site\/2025\/visagi\/#breadcrumb"},"inLanguage":"it-IT","potentialAction":[{"@type":"ReadAction","target":["https:\/\/germinale.clientsfolio.site\/2025\/visagi\/"]}]},{"@type":"BreadcrumbList","@id":"https:\/\/germinale.clientsfolio.site\/2025\/visagi\/#breadcrumb","itemListElement":[{"@type":"ListItem","position":1,"name":"Home","item":"https:\/\/germinale.clientsfolio.site\/2025\/"},{"@type":"ListItem","position":2,"name":"VISAGI"}]},{"@type":"WebSite","@id":"https:\/\/germinale.clientsfolio.site\/2025\/#website","url":"https:\/\/germinale.clientsfolio.site\/2025\/","name":"Germinale Monferrato Art Fest \u2013 Festival Diffuso di Arte Contemporanea","description":"","publisher":{"@id":"https:\/\/germinale.clientsfolio.site\/2025\/#organization"},"potentialAction":[{"@type":"SearchAction","target":{"@type":"EntryPoint","urlTemplate":"https:\/\/germinale.clientsfolio.site\/2025\/?s={search_term_string}"},"query-input":{"@type":"PropertyValueSpecification","valueRequired":true,"valueName":"search_term_string"}}],"inLanguage":"it-IT"},{"@type":"Organization","@id":"https:\/\/germinale.clientsfolio.site\/2025\/#organization","name":"Germinale Monferrato Art Fest \u2013 Festival Diffuso di Arte Contemporanea","url":"https:\/\/germinale.clientsfolio.site\/2025\/","logo":{"@type":"ImageObject","inLanguage":"it-IT","@id":"https:\/\/germinale.clientsfolio.site\/2025\/#\/schema\/logo\/image\/","url":"https:\/\/i0.wp.com\/germinale.clientsfolio.site\/2025\/wp-content\/uploads\/2025\/06\/logo.webp?fit=432%2C176&ssl=1","contentUrl":"https:\/\/i0.wp.com\/germinale.clientsfolio.site\/2025\/wp-content\/uploads\/2025\/06\/logo.webp?fit=432%2C176&ssl=1","width":432,"height":176,"caption":"Germinale Monferrato Art Fest \u2013 Festival Diffuso di Arte Contemporanea"},"image":{"@id":"https:\/\/germinale.clientsfolio.site\/2025\/#\/schema\/logo\/image\/"}}]}},"jetpack_sharing_enabled":true,"_links":{"self":[{"href":"https:\/\/germinale.clientsfolio.site\/2025\/wp-json\/wp\/v2\/pages\/3574","targetHints":{"allow":["GET"]}}],"collection":[{"href":"https:\/\/germinale.clientsfolio.site\/2025\/wp-json\/wp\/v2\/pages"}],"about":[{"href":"https:\/\/germinale.clientsfolio.site\/2025\/wp-json\/wp\/v2\/types\/page"}],"author":[{"embeddable":true,"href":"https:\/\/germinale.clientsfolio.site\/2025\/wp-json\/wp\/v2\/users\/1"}],"replies":[{"embeddable":true,"href":"https:\/\/germinale.clientsfolio.site\/2025\/wp-json\/wp\/v2\/comments?post=3574"}],"version-history":[{"count":34,"href":"https:\/\/germinale.clientsfolio.site\/2025\/wp-json\/wp\/v2\/pages\/3574\/revisions"}],"predecessor-version":[{"id":5202,"href":"https:\/\/germinale.clientsfolio.site\/2025\/wp-json\/wp\/v2\/pages\/3574\/revisions\/5202"}],"wp:attachment":[{"href":"https:\/\/germinale.clientsfolio.site\/2025\/wp-json\/wp\/v2\/media?parent=3574"}],"curies":[{"name":"wp","href":"https:\/\/api.w.org\/{rel}","templated":true}]}}